{"id":6,"date":"2024-05-02T20:05:43","date_gmt":"2024-05-02T18:05:43","guid":{"rendered":"https:\/\/lesgarconsbouchers-pigalle.com\/?page_id=6"},"modified":"2024-07-13T15:29:51","modified_gmt":"2024-07-13T13:29:51","slug":"le-nouveau-e-mucem-ouvre-ses-portes-2","status":"publish","type":"page","link":"https:\/\/lesgarconsbouchers-pigalle.com\/","title":{"rendered":"Tchao Fran\u00e7ois"},"content":{"rendered":"\r\n<div class=\"wp-block-group alignwide\">\r\n<div class=\"wp-block-group__inner-container is-layout-flow wp-block-group-is-layout-flow\" style=\"text-align: center;\">\r\n<h2 class=\"has-text-align-center wp-block-heading\"><\/h2>\r\n<style type=\"text\/css\">.zoom-instagram.feed-404{font-size:14px!important;padding:1px!important;}.zoom-instagram.feed-404 .zoom-instagram-widget__items{display:grid!important;grid-template-columns:repeat(5,1fr);}.zoom-instagram.feed-404 .zoom-instagram-widget__items{gap:10px!important;}<\/style>\n&#8230;<\/div>\r\n<div>\u00a0<\/div>\r\n<div class=\"wp-block-group__inner-container\" style=\"text-align: center;\">\r\n<p style=\"text-align: center;\"><em><strong>Tourn\u00e9e Hommage \u00e0 Fran\u00e7ois Hadji-Lazaro, auteur, compositeur, leader, Multi instrumentiste,<\/strong><\/em><\/p>\r\n<strong>PARIS POINT FMR (SHOW CASE POUR LE DISQUAIRE DAY)<\/strong><\/div>\r\n<div style=\"text-align: center;\">\u00a0<\/div>\r\n<div class=\"wp-block-group__inner-container\" style=\"text-align: center;\"><iframe loading=\"lazy\" title=\"YouTube video player\" src=\"https:\/\/www.youtube.com\/embed\/L_-nu7Q663s?si=9fMm9v3eiEeEdxqH\" width=\"560\" height=\"315\" frameborder=\"0\" allowfullscreen=\"allowfullscreen\"><\/iframe>\r\n<p>Le 16 Septembre, a \u00e9t\u00e9 rendu un hommage, \u00e0 la f\u00eate de l\u2019Huma \u00e0 Fran\u00e7ois Hadji-Lazaro disparu le 25 F\u00e9vrier dernier. Le \u00ab spectacle \u00bb s\u2019appelait \u00ab Tchao Fran\u00e7ois \u00bb, il r\u00e9unissait des anciens membres des Gar\u00e7ons Bouchers et de Pigalle et surtout, Pierrot Sapu le chanteur embl\u00e9matique des Gar\u00e7ons Bouchers. Coll\u00e9gialement et \u00e0 la suite de cette soir\u00e9e toute en \u00e9motion et fort r\u00e9ussie, nous avons d\u00e9cid\u00e9 de faire une tourn\u00e9e pour colporter cet adieu.<\/p>\r\n<p>Le r\u00e9pertoire fouille dans les entrailles racinement punk du groupe m\u00e2tin\u00e9s des textes les plus engag\u00e9s, revendicatifs de Fran\u00e7ois, comme <em>\u00ab Guerre \u00bb, \u00ab Noir et Blanc \u00bb, \u00ab Super ce matin, j\u2019ai rencontr\u00e9 Dieu \u00bb, \u00ab Sale Gueule \u00bb, \u00ab les vieux, faudrait les jeter \u00e0 la poubelle \u00bb<\/em> envelopp\u00e9 par les hymnes symboliques du groupe comme <em>\u00ab La Bi\u00e8re \u00bb, \u00ab la Lambada on aime pas \u00e7a \u00bb, \u00ab Carnivore \u00bb<\/em>, \u00ab le Rap des Gar\u00e7ons Bouchers \u00bb ponctuant les 12 ans de carri\u00e8re du groupe et last but not litre qui dit hommage \u00e0 Fran\u00e7ois dit aussi chanson du groupe Pigalle et Los Carayos.<\/p>\r\n<p>Pierre, le fils de Fran\u00e7ois a con\u00e7u un film retra\u00e7ant le parcours du groupe qui sera diffus\u00e9 sur \u00e9cran durant le concert, Fran\u00e7ois y apparaissant comme un ange tut\u00e9laire.<\/p>\r\n<p>Le groupe est compos\u00e9 de Pierrot Sapu (chant), Ga\u00ebl Mesny (guitare), Benoit Simon (basse), Christophe Gauzi\u00e8de (batterie), Toto Rossi (trompette), Stefff Gotkovski (saxo), Jiss\u00e9 Batut &amp; St\u00e9phane Lorraine (ing\u00e9 son).<\/p>\r\n<p>En images, un montage d\u2019extrait des chansons du show case du Disquaire Day<\/p>\r\n<p>&nbsp;<\/p>\r\n<h2 class=\"has-text-align-center\"><\/h2>\r\n<\/div>\r\n<\/div>\r\n<p>&nbsp;<\/p>\r\n<p>&nbsp;<\/p>\r\n\r\n\r\n","protected":false},"excerpt":{"rendered":"<p>\u00a0 Tourn\u00e9e Hommage \u00e0 Fran\u00e7ois Hadji-Lazaro, auteur, compositeur, leader, Multi instrumentiste, PARIS POINT FMR (SHOW CASE POUR LE DISQUAIRE DAY) \u00a0 Le 16 Septembre, a \u00e9t\u00e9 rendu un hommage, \u00e0 la f\u00eate de l\u2019Huma \u00e0 Fran\u00e7ois Hadji-Lazaro disparu le 25 F\u00e9vrier dernier. Le \u00ab spectacle \u00bb s\u2019appelait \u00ab Tchao Fran\u00e7ois \u00bb, il r\u00e9unissait des anciens [&hellip;]<\/p>\n","protected":false},"author":1,"featured_media":30,"parent":0,"menu_order":0,"comment_status":"closed","ping_status":"closed","template":"","meta":{"advanced_seo_description":"","jetpack_seo_html_title":"","jetpack_seo_noindex":false,"ocean_post_layout":"","ocean_both_sidebars_style":"","ocean_both_sidebars_content_width":0,"ocean_both_sidebars_sidebars_width":0,"ocean_sidebar":"0","ocean_second_sidebar":"0","ocean_disable_margins":"enable","ocean_add_body_class":"","ocean_shortcode_before_top_bar":"","ocean_shortcode_after_top_bar":"","ocean_shortcode_before_header":"","ocean_shortcode_after_header":"","ocean_has_shortcode":"","ocean_shortcode_after_title":"","ocean_shortcode_before_footer_widgets":"","ocean_shortcode_after_footer_widgets":"","ocean_shortcode_before_footer_bottom":"","ocean_shortcode_after_footer_bottom":"","ocean_display_top_bar":"default","ocean_display_header":"default","ocean_header_style":"","ocean_center_header_left_menu":"0","ocean_custom_header_template":"0","ocean_custom_logo":0,"ocean_custom_retina_logo":0,"ocean_custom_logo_max_width":0,"ocean_custom_logo_tablet_max_width":0,"ocean_custom_logo_mobile_max_width":0,"ocean_custom_logo_max_height":0,"ocean_custom_logo_tablet_max_height":0,"ocean_custom_logo_mobile_max_height":0,"ocean_header_custom_menu":"0","ocean_menu_typo_font_family":"0","ocean_menu_typo_font_subset":"","ocean_menu_typo_font_size":0,"ocean_menu_typo_font_size_tablet":0,"ocean_menu_typo_font_size_mobile":0,"ocean_menu_typo_font_size_unit":"px","ocean_menu_typo_font_weight":"","ocean_menu_typo_font_weight_tablet":"","ocean_menu_typo_font_weight_mobile":"","ocean_menu_typo_transform":"","ocean_menu_typo_transform_tablet":"","ocean_menu_typo_transform_mobile":"","ocean_menu_typo_line_height":0,"ocean_menu_typo_line_height_tablet":0,"ocean_menu_typo_line_height_mobile":0,"ocean_menu_typo_line_height_unit":"","ocean_menu_typo_spacing":0,"ocean_menu_typo_spacing_tablet":0,"ocean_menu_typo_spacing_mobile":0,"ocean_menu_typo_spacing_unit":"","ocean_menu_link_color":"","ocean_menu_link_color_hover":"","ocean_menu_link_color_active":"","ocean_menu_link_background":"","ocean_menu_link_hover_background":"","ocean_menu_link_active_background":"","ocean_menu_social_links_bg":"","ocean_menu_social_hover_links_bg":"","ocean_menu_social_links_color":"","ocean_menu_social_hover_links_color":"","ocean_disable_title":"default","ocean_disable_heading":"default","ocean_post_title":"","ocean_post_subheading":"","ocean_post_title_style":"","ocean_post_title_background_color":"","ocean_post_title_background":0,"ocean_post_title_bg_image_position":"","ocean_post_title_bg_image_attachment":"","ocean_post_title_bg_image_repeat":"","ocean_post_title_bg_image_size":"","ocean_post_title_height":0,"ocean_post_title_bg_overlay":0.5,"ocean_post_title_bg_overlay_color":"","ocean_disable_breadcrumbs":"default","ocean_breadcrumbs_color":"","ocean_breadcrumbs_separator_color":"","ocean_breadcrumbs_links_color":"","ocean_breadcrumbs_links_hover_color":"","ocean_display_footer_widgets":"default","ocean_display_footer_bottom":"default","ocean_custom_footer_template":"0","footnotes":""},"class_list":["post-6","page","type-page","status-publish","has-post-thumbnail","hentry","entry","has-media","owp-thumbs-layout-horizontal","owp-btn-normal","owp-tabs-layout-horizontal","has-no-thumbnails","has-product-nav"],"jetpack_sharing_enabled":true,"jetpack_likes_enabled":true,"_links":{"self":[{"href":"https:\/\/lesgarconsbouchers-pigalle.com\/index.php\/wp-json\/wp\/v2\/pages\/6","targetHints":{"allow":["GET"]}}],"collection":[{"href":"https:\/\/lesgarconsbouchers-pigalle.com\/index.php\/wp-json\/wp\/v2\/pages"}],"about":[{"href":"https:\/\/lesgarconsbouchers-pigalle.com\/index.php\/wp-json\/wp\/v2\/types\/page"}],"author":[{"embeddable":true,"href":"https:\/\/lesgarconsbouchers-pigalle.com\/index.php\/wp-json\/wp\/v2\/users\/1"}],"replies":[{"embeddable":true,"href":"https:\/\/lesgarconsbouchers-pigalle.com\/index.php\/wp-json\/wp\/v2\/comments?post=6"}],"version-history":[{"count":16,"href":"https:\/\/lesgarconsbouchers-pigalle.com\/index.php\/wp-json\/wp\/v2\/pages\/6\/revisions"}],"predecessor-version":[{"id":543,"href":"https:\/\/lesgarconsbouchers-pigalle.com\/index.php\/wp-json\/wp\/v2\/pages\/6\/revisions\/543"}],"wp:featuredmedia":[{"embeddable":true,"href":"https:\/\/lesgarconsbouchers-pigalle.com\/index.php\/wp-json\/wp\/v2\/media\/30"}],"wp:attachment":[{"href":"https:\/\/lesgarconsbouchers-pigalle.com\/index.php\/wp-json\/wp\/v2\/media?parent=6"}],"curies":[{"name":"wp","href":"https:\/\/api.w.org\/{rel}","templated":true}]}}