{"id":194,"date":"2024-05-15T19:08:06","date_gmt":"2024-05-15T17:08:06","guid":{"rendered":"https:\/\/lesgarconsbouchers-pigalle.com\/?page_id=194"},"modified":"2025-06-24T21:44:21","modified_gmt":"2025-06-24T19:44:21","slug":"archives","status":"publish","type":"page","link":"https:\/\/lesgarconsbouchers-pigalle.com\/index.php\/archives\/","title":{"rendered":"Archives"},"content":{"rendered":"<p>&nbsp;<\/p>\n<hr \/>\n<p>La lambada on n&rsquo;aime pas \u00e7a<\/p>\n<p class=\"responsive-video-wrap clr\"><iframe loading=\"lazy\" title=\"Les gar\u00e7ons bouchers - la lambada On N&#039;aime pas \u00e7a 1990\" width=\"1200\" height=\"900\" src=\"https:\/\/www.youtube.com\/embed\/lr4qtwL9BAg?feature=oembed\" frameborder=\"0\" allow=\"accelerometer; autoplay; clipboard-write; encrypted-media; gyroscope; picture-in-picture; web-share\" referrerpolicy=\"strict-origin-when-cross-origin\" allowfullscreen><\/iframe><\/p>\n<p>Sale Gueule (daily motion)<\/p>\n<p class=\"responsive-video-wrap clr\"><iframe loading=\"lazy\" title=\"Les Garcons Bouchers - sale gueule\" frameborder=\"0\" width=\"1200\" height=\"900\" src=\"https:\/\/geo.dailymotion.com\/player.html?video=xpra2&#038;\" allowfullscreen allow=\"autoplay; fullscreen; picture-in-picture; web-share\"><\/iframe><\/p>\n<p>O\u00f9 sont tous mes amants (ina)<br \/>\n<a href=\"https:\/\/www.ina.fr\/ina-eclaire-actu\/video\/i00010045\/les-garcons-bouchers-ou-sont-tous-mes-amants\">https:\/\/www.dailymotion.com\/video\/xpra2<\/a><\/p>\n<p>Indies Ardisson Du Beaujolais<\/p>\n<p class=\"responsive-video-wrap clr\"><iframe loading=\"lazy\" title=\"Indies : Les Gar\u00e7ons Bouchers &quot;Du Beaujolais&quot; - Archive INA\" width=\"1200\" height=\"900\" src=\"https:\/\/www.youtube.com\/embed\/X06TM8dIEg4?feature=oembed\" frameborder=\"0\" allow=\"accelerometer; autoplay; clipboard-write; encrypted-media; gyroscope; picture-in-picture; web-share\" referrerpolicy=\"strict-origin-when-cross-origin\" allowfullscreen><\/iframe><\/p>\n<p>Arthur (1998)<\/p>\n<p class=\"responsive-video-wrap clr\"><iframe loading=\"lazy\" title=\"Les Gar\u00e7ons Bouchers - Arthur  (Live NPA 1995)\" width=\"1200\" height=\"900\" src=\"https:\/\/www.youtube.com\/embed\/edTcMzGD5aU?feature=oembed\" frameborder=\"0\" allow=\"accelerometer; autoplay; clipboard-write; encrypted-media; gyroscope; picture-in-picture; web-share\" referrerpolicy=\"strict-origin-when-cross-origin\" allowfullscreen><\/iframe><\/p>\n<p>Le cercle de minuit<br \/>\nProvince Paris<br \/>\nhttps:\/\/www.ina.fr\/ina-eclaire-actu\/video\/i14029480\/les-garcons-bouchers-province-paris<\/p>\n<p>Bain de minuit \u2013 Ardisson \u2013 05\/02\/88<br \/>\nhttps:\/\/www.youtube.com\/watch?v=edTcMzGD5aUhttps:\/\/www.youtube.com\/watch?v=edTcMzGD5aU<\/p>\n<p>Journal Ile de France<\/p>\n<p class=\"responsive-video-wrap clr\"><iframe loading=\"lazy\" title=\"Les Gar\u00e7ons Bouchers\" width=\"1200\" height=\"900\" src=\"https:\/\/www.youtube.com\/embed\/IRJB0p9chOw?start=92&#038;feature=oembed\" frameborder=\"0\" allow=\"accelerometer; autoplay; clipboard-write; encrypted-media; gyroscope; picture-in-picture; web-share\" referrerpolicy=\"strict-origin-when-cross-origin\" allowfullscreen><\/iframe><\/p>\n<p>Live \u00e0 Moscou<\/p>\n<p class=\"responsive-video-wrap clr\"><iframe loading=\"lazy\" title=\"Les Gar\u00e7ons Bouchers. \u0428\u0430\u0431\u043e\u043b\u043e\u0432\u043a\u0430. 1993 \u0433\u043e\u0434\" width=\"1200\" height=\"675\" src=\"https:\/\/www.youtube.com\/embed\/HiphjfUJFHY?start=351&#038;feature=oembed\" frameborder=\"0\" allow=\"accelerometer; autoplay; clipboard-write; encrypted-media; gyroscope; picture-in-picture; web-share\" referrerpolicy=\"strict-origin-when-cross-origin\" allowfullscreen><\/iframe><\/p>\n<p>La bi\u00e8re &#8211; D\u00e9cibels<\/p>\n<p class=\"responsive-video-wrap clr\"><iframe loading=\"lazy\" title=\"Les gar\u00e7ons bouchers &quot;La bi\u00e8re&quot;\" width=\"1200\" height=\"675\" src=\"https:\/\/www.youtube.com\/embed\/3gWf0IrtnkI?feature=oembed\" frameborder=\"0\" allow=\"accelerometer; autoplay; clipboard-write; encrypted-media; gyroscope; picture-in-picture; web-share\" referrerpolicy=\"strict-origin-when-cross-origin\" allowfullscreen><\/iframe><\/p>\n<p>La lambada on n&rsquo;aime pas \u00e7a &#8211; Nulle Part Ailleurs Canal plus<\/p>\n<p class=\"responsive-video-wrap clr\"><iframe loading=\"lazy\" title=\"Les Garcons Bouchers  - La lambada, on n&#039;aime pas \u00e7a - live @Nulle Part Ailleurs\" width=\"1200\" height=\"675\" src=\"https:\/\/www.youtube.com\/embed\/Vr982XcYNeo?feature=oembed\" frameborder=\"0\" allow=\"accelerometer; autoplay; clipboard-write; encrypted-media; gyroscope; picture-in-picture; web-share\" referrerpolicy=\"strict-origin-when-cross-origin\" allowfullscreen><\/iframe><\/p>\n<p>\u00c9mission de t\u00e9l\u00e9 belge<\/p>\n<p class=\"responsive-video-wrap clr\"><iframe loading=\"lazy\" title=\"Les Gar\u00e7ons Bouchers \ud83e\udd69 Reportage  \ud83d\udcc5 1989 \ud83d\udcfa Tv\" width=\"1200\" height=\"900\" src=\"https:\/\/www.youtube.com\/embed\/a3rkOVS9oxo?feature=oembed\" frameborder=\"0\" allow=\"accelerometer; autoplay; clipboard-write; encrypted-media; gyroscope; picture-in-picture; web-share\" referrerpolicy=\"strict-origin-when-cross-origin\" allowfullscreen><\/iframe><\/p>\n<p>Pierrot Sapu chez Ardisson<\/p>\n<p class=\"responsive-video-wrap clr\"><iframe loading=\"lazy\" title=\"Punk drogu\u00e9 devenu aum\u00f4nier au Secours Catholique, il t\u00e9moigne chez Thierry Ardisson | INA Arditube\" width=\"1200\" height=\"675\" src=\"https:\/\/www.youtube.com\/embed\/h1pYjy3E9EA?feature=oembed\" frameborder=\"0\" allow=\"accelerometer; autoplay; clipboard-write; encrypted-media; gyroscope; picture-in-picture; web-share\" referrerpolicy=\"strict-origin-when-cross-origin\" allowfullscreen><\/iframe><\/p>\n<p>Film LE GRAND SOIR de Beno\u00eet Del\u00e9pine et Gustave Kerven (2012)<\/p>\n<p class=\"responsive-video-wrap clr\"><iframe loading=\"lazy\" title=\"Wampas les gar\u00e7ons bouchers Extrait du grand soir.wmv\" width=\"1200\" height=\"900\" src=\"https:\/\/www.youtube.com\/embed\/EgCj1zGiKKg?feature=oembed\" frameborder=\"0\" allow=\"accelerometer; autoplay; clipboard-write; encrypted-media; gyroscope; picture-in-picture; web-share\" referrerpolicy=\"strict-origin-when-cross-origin\" allowfullscreen><\/iframe><\/p>\n<p>Interview de Stefff Gotkowsky par Jacky (2017) <em>\u00e0 13 minutes 16<\/em>.<\/p>\n<p class=\"responsive-video-wrap clr\"><iframe loading=\"lazy\" title=\"Jacky Terrasse avec STEFFF GOTKOVSKI  partie 1 sur www.idf1.fr\" width=\"1200\" height=\"675\" src=\"https:\/\/www.youtube.com\/embed\/3du7XKmdXR0?feature=oembed\" frameborder=\"0\" allow=\"accelerometer; autoplay; clipboard-write; encrypted-media; gyroscope; picture-in-picture; web-share\" referrerpolicy=\"strict-origin-when-cross-origin\" allowfullscreen><\/iframe><\/p>\n<p>Pour finir, un tr\u00e8s beau portrait de Pierre FAVRE (Chanteur deuxi\u00e8me p\u00e9riode)<br \/>\nD\u00e8s les premi\u00e8res minutes, Pierrot \u00e9voque son parcours de vie et, bien entendu, son<br \/>\npassage dans LES GARCONS BOUCHERS.<\/p>\n<p class=\"responsive-video-wrap clr\"><iframe loading=\"lazy\" title=\"Ex Punk devenu aumonier chr\u00e9tien Piero Sapu\" width=\"1200\" height=\"675\" src=\"https:\/\/www.youtube.com\/embed\/S_y9_-IW7ME?feature=oembed\" frameborder=\"0\" allow=\"accelerometer; autoplay; clipboard-write; encrypted-media; gyroscope; picture-in-picture; web-share\" referrerpolicy=\"strict-origin-when-cross-origin\" allowfullscreen><\/iframe><\/p>\n<p>Vid\u00e9o actu<br \/>\nMai 2024 &#8211; Zikenstock &#8211; le Cateau Cambresis<\/p>\n<p class=\"responsive-video-wrap clr\"><iframe loading=\"lazy\" title=\"LES GARCONS BOUCHERS Zikenstock 20, Le Cateau-Cambr\u00e9sis (FR), 11 mai 2024\" width=\"1200\" height=\"675\" src=\"https:\/\/www.youtube.com\/embed\/fyHo1VZOsI0?feature=oembed\" frameborder=\"0\" allow=\"accelerometer; autoplay; clipboard-write; encrypted-media; gyroscope; picture-in-picture; web-share\" referrerpolicy=\"strict-origin-when-cross-origin\" allowfullscreen><\/iframe><\/p>\n<p>Vid\u00e9a Actu<br \/>\nLes Gar\u00e7ons Bouchers &#8211; Live at Hellfest 2025 &#8211; ARTE Concert<\/p>\n<p class=\"responsive-video-wrap clr\"><iframe loading=\"lazy\" title=\"Les Gar\u00e7ons Bouchers - Live at Hellfest 2025 - ARTE Concert\" width=\"1200\" height=\"675\" src=\"https:\/\/www.youtube.com\/embed\/9d2aOGliP0U?start=84&#038;feature=oembed\" frameborder=\"0\" allow=\"accelerometer; autoplay; clipboard-write; encrypted-media; gyroscope; picture-in-picture; web-share\" referrerpolicy=\"strict-origin-when-cross-origin\" allowfullscreen><\/iframe><\/p>\n<p>&nbsp;<\/p>\n","protected":false},"excerpt":{"rendered":"<p>&nbsp; La lambada on n&rsquo;aime pas \u00e7a Sale Gueule (daily motion) O\u00f9 sont tous mes amants (ina) https:\/\/www.dailymotion.com\/video\/xpra2 Indies Ardisson Du Beaujolais Arthur (1998) Le cercle de minuit Province Paris https:\/\/www.ina.fr\/ina-eclaire-actu\/video\/i14029480\/les-garcons-bouchers-province-paris Bain de minuit \u2013 Ardisson \u2013 05\/02\/88 https:\/\/www.youtube.com\/watch?v=edTcMzGD5aUhttps:\/\/www.youtube.com\/watch?v=edTcMzGD5aU Journal Ile de France Live \u00e0 Moscou La bi\u00e8re &#8211; D\u00e9cibels La lambada on n&rsquo;aime pas [&hellip;]<\/p>\n","protected":false},"author":1,"featured_media":0,"parent":0,"menu_order":0,"comment_status":"closed","ping_status":"closed","template":"","meta":{"advanced_seo_description":"","jetpack_seo_html_title":"","jetpack_seo_noindex":false,"ocean_post_layout":"","ocean_both_sidebars_style":"","ocean_both_sidebars_content_width":0,"ocean_both_sidebars_sidebars_width":0,"ocean_sidebar":"0","ocean_second_sidebar":"0","ocean_disable_margins":"enable","ocean_add_body_class":"","ocean_shortcode_before_top_bar":"","ocean_shortcode_after_top_bar":"","ocean_shortcode_before_header":"","ocean_shortcode_after_header":"","ocean_has_shortcode":"","ocean_shortcode_after_title":"","ocean_shortcode_before_footer_widgets":"","ocean_shortcode_after_footer_widgets":"","ocean_shortcode_before_footer_bottom":"","ocean_shortcode_after_footer_bottom":"","ocean_display_top_bar":"default","ocean_display_header":"default","ocean_header_style":"","ocean_center_header_left_menu":"0","ocean_custom_header_template":"0","ocean_custom_logo":0,"ocean_custom_retina_logo":0,"ocean_custom_logo_max_width":0,"ocean_custom_logo_tablet_max_width":0,"ocean_custom_logo_mobile_max_width":0,"ocean_custom_logo_max_height":0,"ocean_custom_logo_tablet_max_height":0,"ocean_custom_logo_mobile_max_height":0,"ocean_header_custom_menu":"0","ocean_menu_typo_font_family":"0","ocean_menu_typo_font_subset":"","ocean_menu_typo_font_size":0,"ocean_menu_typo_font_size_tablet":0,"ocean_menu_typo_font_size_mobile":0,"ocean_menu_typo_font_size_unit":"px","ocean_menu_typo_font_weight":"","ocean_menu_typo_font_weight_tablet":"","ocean_menu_typo_font_weight_mobile":"","ocean_menu_typo_transform":"","ocean_menu_typo_transform_tablet":"","ocean_menu_typo_transform_mobile":"","ocean_menu_typo_line_height":0,"ocean_menu_typo_line_height_tablet":0,"ocean_menu_typo_line_height_mobile":0,"ocean_menu_typo_line_height_unit":"","ocean_menu_typo_spacing":0,"ocean_menu_typo_spacing_tablet":0,"ocean_menu_typo_spacing_mobile":0,"ocean_menu_typo_spacing_unit":"","ocean_menu_link_color":"","ocean_menu_link_color_hover":"","ocean_menu_link_color_active":"","ocean_menu_link_background":"","ocean_menu_link_hover_background":"","ocean_menu_link_active_background":"","ocean_menu_social_links_bg":"","ocean_menu_social_hover_links_bg":"","ocean_menu_social_links_color":"","ocean_menu_social_hover_links_color":"","ocean_disable_title":"default","ocean_disable_heading":"default","ocean_post_title":"","ocean_post_subheading":"","ocean_post_title_style":"","ocean_post_title_background_color":"","ocean_post_title_background":0,"ocean_post_title_bg_image_position":"","ocean_post_title_bg_image_attachment":"","ocean_post_title_bg_image_repeat":"","ocean_post_title_bg_image_size":"","ocean_post_title_height":0,"ocean_post_title_bg_overlay":0.5,"ocean_post_title_bg_overlay_color":"","ocean_disable_breadcrumbs":"default","ocean_breadcrumbs_color":"","ocean_breadcrumbs_separator_color":"","ocean_breadcrumbs_links_color":"","ocean_breadcrumbs_links_hover_color":"","ocean_display_footer_widgets":"default","ocean_display_footer_bottom":"default","ocean_custom_footer_template":"0","footnotes":""},"class_list":["post-194","page","type-page","status-publish","hentry","entry","owp-thumbs-layout-horizontal","owp-btn-normal","owp-tabs-layout-horizontal","has-no-thumbnails","has-product-nav"],"jetpack_sharing_enabled":true,"jetpack_likes_enabled":true,"_links":{"self":[{"href":"https:\/\/lesgarconsbouchers-pigalle.com\/index.php\/wp-json\/wp\/v2\/pages\/194","targetHints":{"allow":["GET"]}}],"collection":[{"href":"https:\/\/lesgarconsbouchers-pigalle.com\/index.php\/wp-json\/wp\/v2\/pages"}],"about":[{"href":"https:\/\/lesgarconsbouchers-pigalle.com\/index.php\/wp-json\/wp\/v2\/types\/page"}],"author":[{"embeddable":true,"href":"https:\/\/lesgarconsbouchers-pigalle.com\/index.php\/wp-json\/wp\/v2\/users\/1"}],"replies":[{"embeddable":true,"href":"https:\/\/lesgarconsbouchers-pigalle.com\/index.php\/wp-json\/wp\/v2\/comments?post=194"}],"version-history":[{"count":14,"href":"https:\/\/lesgarconsbouchers-pigalle.com\/index.php\/wp-json\/wp\/v2\/pages\/194\/revisions"}],"predecessor-version":[{"id":1788,"href":"https:\/\/lesgarconsbouchers-pigalle.com\/index.php\/wp-json\/wp\/v2\/pages\/194\/revisions\/1788"}],"wp:attachment":[{"href":"https:\/\/lesgarconsbouchers-pigalle.com\/index.php\/wp-json\/wp\/v2\/media?parent=194"}],"curies":[{"name":"wp","href":"https:\/\/api.w.org\/{rel}","templated":true}]}}