{"id":1349,"date":"2025-04-22T17:41:54","date_gmt":"2025-04-22T15:41:54","guid":{"rendered":"https:\/\/lesgarconsbouchers-pigalle.com\/?page_id=1349"},"modified":"2025-04-22T17:41:54","modified_gmt":"2025-04-22T15:41:54","slug":"la-tournee-2025","status":"publish","type":"page","link":"https:\/\/lesgarconsbouchers-pigalle.com\/index.php\/la-tournee-2024-2025\/la-tournee-2025\/","title":{"rendered":"La tourn\u00e9e 2025"},"content":{"rendered":"<p><img loading=\"lazy\" decoding=\"async\" class=\"alignnone wp-image-1350 size-medium\" src=\"https:\/\/lesgarconsbouchers-pigalle.com\/wp-content\/uploads\/2025\/04\/IMG-LGB-Tournee2025-209x300.jpg\" alt=\"La tourn\u00e9e des Gar\u00e7ons Bouchers continue 2025\" width=\"209\" height=\"300\" srcset=\"https:\/\/lesgarconsbouchers-pigalle.com\/wp-content\/uploads\/2025\/04\/IMG-LGB-Tournee2025-209x300.jpg 209w, https:\/\/lesgarconsbouchers-pigalle.com\/wp-content\/uploads\/2025\/04\/IMG-LGB-Tournee2025.jpg 365w\" sizes=\"auto, (max-width: 209px) 100vw, 209px\" \/><\/p>\n<p><strong>JANVIER<\/strong><br \/>\nVendredi 24 &#8211; SOTTEVILLE LES ROUEN (76) Trianon Transatlantique<br \/>\nSamedi 25 &#8211; DOMMARIEN (52) La Niche<br \/>\nVendredi 31 &#8211; MONTPELLIER (34) Rockstore<\/p>\n<p><strong>F\u00c9VRIER<\/strong><br \/>\nSamedi 1er &#8211; PRIVAS (07) Th\u00e9\u00e2tre de Privas<br \/>\nVendredi 7 &#8211; CLUSES (74) L&rsquo;Atelier<br \/>\nSamedi 8 &#8211; CARSAN (30) Salle des F\u00eates<\/p>\n<p><strong>MARS<\/strong><br \/>\nSamedi 8 &#8211; ALEN\u00c7ON (61)<\/p>\n<p><strong>AVRIL<\/strong><br \/>\nVendredi 18 &#8211; FONTENAY-LE-COMTE (85) Festival On n&rsquo;a plus 20 ans<br \/>\nSamedi 19 \u2013 SAINT-MENOUX (03) &#8211; Salle des f\u00eates<br \/>\nVendredi 25 \u2013 LE HAVRE (76) \u2013 Magic Mirror<\/p>\n<p><strong>JUIN<\/strong><br \/>\nSamedi 7 &#8211; ASQUES (33) Festiv \u2018Asques<br \/>\nDimanche 8 &#8211; SAINT-QUENTIN LA POTERIE (30)<br \/>\nSamedi 14 &#8211; LISIEUX (14) Festival Rose M\u00e9tal<br \/>\nVendredi 20 \u2013 CLISSON (44) Hellfest<br \/>\nVendredi 27 &#8211; CREVECOEUR LE GRAND (60) Festival Barb&rsquo;n&rsquo;Rock<br \/>\nSamedi 28 &#8211; VAILLY SUR SAULDRE (18) Festival Arcandiers Pays Fort<\/p>\n<p><strong>JUILLET<\/strong><br \/>\nJeudi 3 Juillet \u2013 SAINT-JEAN DE VEDAS (34) &#8211; The Secret Place<br \/>\nVendredi 4 &#8211; SAVERDUN (09) Festival Les Voix Sonneuses<br \/>\nSamedi 5 \u2013 VIERZON (18) Les Estivales du Canal<br \/>\nDimanche 6 &#8211; SIGNY L&rsquo;ABBAYE (08) Festival Ardenn&rsquo;Rock<br \/>\nVendredi 11- CLOHARS-CARNO\u00cbT (29)<\/p>\n<p><strong>AOUT<\/strong><br \/>\nSamedi 9 &#8211; BAN SUR MEURTHE (88) Clefcy Rock Festival<br \/>\nVendredi 22 &#8211; L\u00c9GNA (39) Festival Les Gueules de Bois<br \/>\nSamedi 23 &#8211; CLARQUES (62) Festival A Travers Champs<\/p>\n<p><strong>SEPTEMBRE<\/strong><br \/>\nVendredi 26 &#8211; AUCH (32) Cri&rsquo;Art<\/p>\n<p><strong>OCTOBRE<\/strong><br \/>\nVendredi 3 &#8211; NANTES (44) Orval&rsquo;Fest<br \/>\nVendredi 17 &#8211; MELLE (79) le Metullum<br \/>\nSamedi 18 &#8211; AIGREFEUILLE SUR MAINE (44) Festival Rock en Maine<\/p>\n<p><strong>NOVEMBRE<\/strong><br \/>\nVendredi 21 \u2013 SAINT-OUEN (92) La GoulAyance<br \/>\nSamedi 22 \u2013 GRENOBLE (38) L&rsquo;Ilyade<br \/>\nDimanche 23 \u2013 SALON DE PROVENCE \u2013 Le Portail Coucou<br \/>\nSamedi 29 \u2013 LODELINSART (Belgique) La Ruche Verri\u00e8re<\/p>\n<p><strong>D\u00c9CEMBRE<\/strong><br \/>\nSamedi 6 &#8211; SAINT-QUENTIN (02) La Manufacture<\/p>\n","protected":false},"excerpt":{"rendered":"<p>JANVIER Vendredi 24 &#8211; SOTTEVILLE LES ROUEN (76) Trianon Transatlantique Samedi 25 &#8211; DOMMARIEN (52) La Niche Vendredi 31 &#8211; MONTPELLIER (34) Rockstore F\u00c9VRIER Samedi 1er &#8211; PRIVAS (07) Th\u00e9\u00e2tre de Privas Vendredi 7 &#8211; CLUSES (74) L&rsquo;Atelier Samedi 8 &#8211; CARSAN (30) Salle des F\u00eates MARS Samedi 8 &#8211; ALEN\u00c7ON (61) AVRIL Vendredi 18 [&hellip;]<\/p>\n","protected":false},"author":1,"featured_media":0,"parent":44,"menu_order":0,"comment_status":"closed","ping_status":"closed","template":"","meta":{"advanced_seo_description":"","jetpack_seo_html_title":"","jetpack_seo_noindex":false,"ocean_post_layout":"","ocean_both_sidebars_style":"","ocean_both_sidebars_content_width":0,"ocean_both_sidebars_sidebars_width":0,"ocean_sidebar":"0","ocean_second_sidebar":"0","ocean_disable_margins":"enable","ocean_add_body_class":"","ocean_shortcode_before_top_bar":"","ocean_shortcode_after_top_bar":"","ocean_shortcode_before_header":"","ocean_shortcode_after_header":"","ocean_has_shortcode":"","ocean_shortcode_after_title":"","ocean_shortcode_before_footer_widgets":"","ocean_shortcode_after_footer_widgets":"","ocean_shortcode_before_footer_bottom":"","ocean_shortcode_after_footer_bottom":"","ocean_display_top_bar":"default","ocean_display_header":"default","ocean_header_style":"","ocean_center_header_left_menu":"0","ocean_custom_header_template":"0","ocean_custom_logo":0,"ocean_custom_retina_logo":0,"ocean_custom_logo_max_width":0,"ocean_custom_logo_tablet_max_width":0,"ocean_custom_logo_mobile_max_width":0,"ocean_custom_logo_max_height":0,"ocean_custom_logo_tablet_max_height":0,"ocean_custom_logo_mobile_max_height":0,"ocean_header_custom_menu":"0","ocean_menu_typo_font_family":"0","ocean_menu_typo_font_subset":"","ocean_menu_typo_font_size":0,"ocean_menu_typo_font_size_tablet":0,"ocean_menu_typo_font_size_mobile":0,"ocean_menu_typo_font_size_unit":"px","ocean_menu_typo_font_weight":"","ocean_menu_typo_font_weight_tablet":"","ocean_menu_typo_font_weight_mobile":"","ocean_menu_typo_transform":"","ocean_menu_typo_transform_tablet":"","ocean_menu_typo_transform_mobile":"","ocean_menu_typo_line_height":0,"ocean_menu_typo_line_height_tablet":0,"ocean_menu_typo_line_height_mobile":0,"ocean_menu_typo_line_height_unit":"","ocean_menu_typo_spacing":0,"ocean_menu_typo_spacing_tablet":0,"ocean_menu_typo_spacing_mobile":0,"ocean_menu_typo_spacing_unit":"","ocean_menu_link_color":"","ocean_menu_link_color_hover":"","ocean_menu_link_color_active":"","ocean_menu_link_background":"","ocean_menu_link_hover_background":"","ocean_menu_link_active_background":"","ocean_menu_social_links_bg":"","ocean_menu_social_hover_links_bg":"","ocean_menu_social_links_color":"","ocean_menu_social_hover_links_color":"","ocean_disable_title":"default","ocean_disable_heading":"default","ocean_post_title":"","ocean_post_subheading":"","ocean_post_title_style":"","ocean_post_title_background_color":"","ocean_post_title_background":0,"ocean_post_title_bg_image_position":"","ocean_post_title_bg_image_attachment":"","ocean_post_title_bg_image_repeat":"","ocean_post_title_bg_image_size":"","ocean_post_title_height":0,"ocean_post_title_bg_overlay":0.5,"ocean_post_title_bg_overlay_color":"","ocean_disable_breadcrumbs":"default","ocean_breadcrumbs_color":"","ocean_breadcrumbs_separator_color":"","ocean_breadcrumbs_links_color":"","ocean_breadcrumbs_links_hover_color":"","ocean_display_footer_widgets":"default","ocean_display_footer_bottom":"default","ocean_custom_footer_template":"0","footnotes":""},"class_list":["post-1349","page","type-page","status-publish","hentry","entry","owp-thumbs-layout-horizontal","owp-btn-normal","owp-tabs-layout-horizontal","has-no-thumbnails","has-product-nav"],"jetpack_sharing_enabled":true,"jetpack_likes_enabled":true,"_links":{"self":[{"href":"https:\/\/lesgarconsbouchers-pigalle.com\/index.php\/wp-json\/wp\/v2\/pages\/1349","targetHints":{"allow":["GET"]}}],"collection":[{"href":"https:\/\/lesgarconsbouchers-pigalle.com\/index.php\/wp-json\/wp\/v2\/pages"}],"about":[{"href":"https:\/\/lesgarconsbouchers-pigalle.com\/index.php\/wp-json\/wp\/v2\/types\/page"}],"author":[{"embeddable":true,"href":"https:\/\/lesgarconsbouchers-pigalle.com\/index.php\/wp-json\/wp\/v2\/users\/1"}],"replies":[{"embeddable":true,"href":"https:\/\/lesgarconsbouchers-pigalle.com\/index.php\/wp-json\/wp\/v2\/comments?post=1349"}],"version-history":[{"count":1,"href":"https:\/\/lesgarconsbouchers-pigalle.com\/index.php\/wp-json\/wp\/v2\/pages\/1349\/revisions"}],"predecessor-version":[{"id":1351,"href":"https:\/\/lesgarconsbouchers-pigalle.com\/index.php\/wp-json\/wp\/v2\/pages\/1349\/revisions\/1351"}],"up":[{"embeddable":true,"href":"https:\/\/lesgarconsbouchers-pigalle.com\/index.php\/wp-json\/wp\/v2\/pages\/44"}],"wp:attachment":[{"href":"https:\/\/lesgarconsbouchers-pigalle.com\/index.php\/wp-json\/wp\/v2\/media?parent=1349"}],"curies":[{"name":"wp","href":"https:\/\/api.w.org\/{rel}","templated":true}]}}